{"id":2411,"date":"2025-04-03T11:28:12","date_gmt":"2025-04-03T09:28:12","guid":{"rendered":"https:\/\/www.uniqueonyx.ch\/?page_id=2411"},"modified":"2025-07-03T14:33:58","modified_gmt":"2025-07-03T12:33:58","slug":"savoir-faire","status":"publish","type":"page","link":"https:\/\/www.uniqueonyx.ch\/en\/savoir-faire\/","title":{"rendered":"Know-how"},"content":{"rendered":"<div data-elementor-type=\"wp-page\" data-elementor-id=\"2411\" class=\"elementor elementor-2411\" data-elementor-post-type=\"page\">\n\t\t\t\t\t\t<section class=\"elementor-section elementor-top-section elementor-element elementor-element-913951e elementor-section-full_width elementor-section-height-default elementor-section-height-default\" data-id=\"913951e\" data-element_type=\"section\" data-e-type=\"section\">\n\t\t\t\t\t\t<div class=\"elementor-container elementor-column-gap-default\">\n\t\t\t\t\t<div class=\"elementor-column elementor-col-100 elementor-top-column elementor-element elementor-element-954e7f4\" data-id=\"954e7f4\" data-element_type=\"column\" data-e-type=\"column\" data-settings=\"{&quot;background_background&quot;:&quot;classic&quot;}\">\n\t\t\t<div class=\"elementor-widget-wrap elementor-element-populated\">\n\t\t\t\t\t\t<div class=\"elementor-element elementor-element-67b0825 elementor-widget elementor-widget-heading\" data-id=\"67b0825\" data-element_type=\"widget\" data-e-type=\"widget\" data-widget_type=\"heading.default\">\n\t\t\t\t<div class=\"elementor-widget-container\">\n\t\t\t\t\t<h1 class=\"elementor-heading-title elementor-size-default\">Our Partnership <\/h1>\t\t\t\t<\/div>\n\t\t\t\t<\/div>\n\t\t\t\t<div class=\"elementor-element elementor-element-aa1767d elementor-widget-divider--view-line elementor-widget elementor-widget-divider\" data-id=\"aa1767d\" data-element_type=\"widget\" data-e-type=\"widget\" data-widget_type=\"divider.default\">\n\t\t\t\t<div class=\"elementor-widget-container\">\n\t\t\t\t\t\t\t<div class=\"elementor-divider\">\n\t\t\t<span class=\"elementor-divider-separator\">\n\t\t\t\t\t\t<\/span>\n\t\t<\/div>\n\t\t\t\t\t\t<\/div>\n\t\t\t\t<\/div>\n\t\t\t\t\t<\/div>\n\t\t<\/div>\n\t\t\t\t\t<\/div>\n\t\t<\/section>\n\t\t\t\t<section class=\"elementor-section elementor-top-section elementor-element elementor-element-50324f3 elementor-section-full_width elementor-section-height-default elementor-section-height-default\" data-id=\"50324f3\" data-element_type=\"section\" data-e-type=\"section\">\n\t\t\t\t\t\t<div class=\"elementor-container elementor-column-gap-default\">\n\t\t\t\t\t<div class=\"elementor-column elementor-col-50 elementor-top-column elementor-element elementor-element-c28ee47\" data-id=\"c28ee47\" data-element_type=\"column\" data-e-type=\"column\" data-settings=\"{&quot;background_background&quot;:&quot;classic&quot;}\">\n\t\t\t<div class=\"elementor-widget-wrap elementor-element-populated\">\n\t\t\t\t\t\t<div class=\"elementor-element elementor-element-fdd43cd elementor-widget elementor-widget-text-editor\" data-id=\"fdd43cd\" data-element_type=\"widget\" data-e-type=\"widget\" data-settings=\"{&quot;_animation&quot;:&quot;none&quot;}\" data-widget_type=\"text-editor.default\">\n\t\t\t\t<div class=\"elementor-widget-container\">\n\t\t\t\t\t\t\t\t\t<p>A strategic alliance between a Valais-based and a Jura-based company, united by a shared passion for excellence.<br \/>Marbrerie KAISER SA - Taille de Pierre -<\/p><p>A dynamic fifth-generation family business<\/p><p>A passion for natural stone<\/p><p>15 skilled and dedicated employees<\/p><p>Cutting-edge technology and state-of-the-art machinery<\/p>\t\t\t\t\t\t\t\t<\/div>\n\t\t\t\t<\/div>\n\t\t\t\t\t<\/div>\n\t\t<\/div>\n\t\t\t\t<div class=\"elementor-column elementor-col-50 elementor-top-column elementor-element elementor-element-40b9e0f\" data-id=\"40b9e0f\" data-element_type=\"column\" data-e-type=\"column\" data-settings=\"{&quot;background_background&quot;:&quot;classic&quot;}\">\n\t\t\t<div class=\"elementor-widget-wrap elementor-element-populated\">\n\t\t\t\t\t\t<div class=\"elementor-element elementor-element-9462265 elementor-widget elementor-widget-image\" data-id=\"9462265\" data-element_type=\"widget\" data-e-type=\"widget\" data-widget_type=\"image.default\">\n\t\t\t\t<div class=\"elementor-widget-container\">\n\t\t\t\t\t\t\t\t\t\t\t\t\t\t\t<img fetchpriority=\"high\" decoding=\"async\" src=\"https:\/\/www.uniqueonyx.ch\/wp-content\/uploads\/partenaire-1024x623.png\" height=\"487\" width=\"800\" srcset=\"https:\/\/www.uniqueonyx.ch\/wp-content\/uploads\/partenaire-1024x623.png 1024w, https:\/\/www.uniqueonyx.ch\/wp-content\/uploads\/partenaire-300x182.png 300w, https:\/\/www.uniqueonyx.ch\/wp-content\/uploads\/partenaire-768x467.png 768w, https:\/\/www.uniqueonyx.ch\/wp-content\/uploads\/partenaire-1536x934.png 1536w, https:\/\/www.uniqueonyx.ch\/wp-content\/uploads\/partenaire-2048x1246.png 2048w, https:\/\/www.uniqueonyx.ch\/wp-content\/uploads\/partenaire-18x12.png 18w\" sizes=\"(max-width: 800px) 100vw, 800px\" class=\"attachment-large size-large wp-image-3730 sp-no-webp\" alt=\"\"> \t\t\t\t\t\t\t\t\t\t\t\t\t\t\t<\/div>\n\t\t\t\t<\/div>\n\t\t\t\t\t<\/div>\n\t\t<\/div>\n\t\t\t\t\t<\/div>\n\t\t<\/section>\n\t\t\t\t<section class=\"elementor-section elementor-top-section elementor-element elementor-element-fcf6ac1 elementor-section-full_width elementor-section-height-default elementor-section-height-default\" data-id=\"fcf6ac1\" data-element_type=\"section\" data-e-type=\"section\">\n\t\t\t\t\t\t<div class=\"elementor-container elementor-column-gap-default\">\n\t\t\t\t\t<div class=\"elementor-column elementor-col-100 elementor-top-column elementor-element elementor-element-946e9e3\" data-id=\"946e9e3\" data-element_type=\"column\" data-e-type=\"column\" data-settings=\"{&quot;background_background&quot;:&quot;classic&quot;}\">\n\t\t\t<div class=\"elementor-widget-wrap elementor-element-populated\">\n\t\t\t\t\t\t<div class=\"elementor-element elementor-element-bd6c4da elementor-widget elementor-widget-heading\" data-id=\"bd6c4da\" data-element_type=\"widget\" data-e-type=\"widget\" data-widget_type=\"heading.default\">\n\t\t\t\t<div class=\"elementor-widget-container\">\n\t\t\t\t\t<h1 class=\"elementor-heading-title elementor-size-default\">Our Expertise<\/h1>\t\t\t\t<\/div>\n\t\t\t\t<\/div>\n\t\t\t\t<div class=\"elementor-element elementor-element-f4e87bb elementor-widget-divider--view-line elementor-widget elementor-widget-divider\" data-id=\"f4e87bb\" data-element_type=\"widget\" data-e-type=\"widget\" data-widget_type=\"divider.default\">\n\t\t\t\t<div class=\"elementor-widget-container\">\n\t\t\t\t\t\t\t<div class=\"elementor-divider\">\n\t\t\t<span class=\"elementor-divider-separator\">\n\t\t\t\t\t\t<\/span>\n\t\t<\/div>\n\t\t\t\t\t\t<\/div>\n\t\t\t\t<\/div>\n\t\t\t\t\t<\/div>\n\t\t<\/div>\n\t\t\t\t\t<\/div>\n\t\t<\/section>\n\t\t\t\t<section class=\"elementor-section elementor-top-section elementor-element elementor-element-3879681 elementor-section-full_width elementor-section-height-default elementor-section-height-default\" data-id=\"3879681\" data-element_type=\"section\" data-e-type=\"section\">\n\t\t\t\t\t\t<div class=\"elementor-container elementor-column-gap-default\">\n\t\t\t\t\t<div class=\"elementor-column elementor-col-50 elementor-top-column elementor-element elementor-element-8ab2bcf\" data-id=\"8ab2bcf\" data-element_type=\"column\" data-e-type=\"column\" data-settings=\"{&quot;background_background&quot;:&quot;classic&quot;}\">\n\t\t\t<div class=\"elementor-widget-wrap elementor-element-populated\">\n\t\t\t\t\t\t<div class=\"elementor-element elementor-element-c8c8928 elementor-widget elementor-widget-text-editor\" data-id=\"c8c8928\" data-element_type=\"widget\" data-e-type=\"widget\" data-settings=\"{&quot;_animation&quot;:&quot;none&quot;}\" data-widget_type=\"text-editor.default\">\n\t\t\t\t<div class=\"elementor-widget-container\">\n\t\t\t\t\t\t\t\t\t<p>Bespoke stone selection tailored to your vision and project requirements<\/p><p>Meticulous sourcing of premium blocks or slabs from our trusted partners<\/p><p>On-site precision measurements to ensure a flawless fit<\/p><p>Development of detailed technical drawings for accurate and refined execution<\/p><p>Meticulous craftsmanship with rigorous quality control at every stage of production<\/p><p>High-end installation and flawless finishing touches<\/p>\t\t\t\t\t\t\t\t<\/div>\n\t\t\t\t<\/div>\n\t\t\t\t\t<\/div>\n\t\t<\/div>\n\t\t\t\t<div class=\"elementor-column elementor-col-50 elementor-top-column elementor-element elementor-element-b91af5b\" data-id=\"b91af5b\" data-element_type=\"column\" data-e-type=\"column\" data-settings=\"{&quot;background_background&quot;:&quot;classic&quot;}\">\n\t\t\t<div class=\"elementor-widget-wrap elementor-element-populated\">\n\t\t\t\t\t\t<div class=\"elementor-element elementor-element-fa92fea elementor-arrows-position-inside elementor-widget elementor-widget-image-carousel\" data-id=\"fa92fea\" data-element_type=\"widget\" data-e-type=\"widget\" data-settings=\"{&quot;slides_to_show&quot;:&quot;1&quot;,&quot;navigation&quot;:&quot;arrows&quot;,&quot;autoplay&quot;:&quot;yes&quot;,&quot;pause_on_hover&quot;:&quot;yes&quot;,&quot;pause_on_interaction&quot;:&quot;yes&quot;,&quot;autoplay_speed&quot;:5000,&quot;infinite&quot;:&quot;yes&quot;,&quot;effect&quot;:&quot;slide&quot;,&quot;speed&quot;:500}\" data-widget_type=\"image-carousel.default\">\n\t\t\t\t<div class=\"elementor-widget-container\">\n\t\t\t\t\t\t\t<div class=\"elementor-image-carousel-wrapper swiper\" role=\"region\" aria-roledescription=\"carousel\" aria-label=\"Carrousel d\u2019images\" dir=\"ltr\">\n\t\t\t<div class=\"elementor-image-carousel swiper-wrapper\" aria-live=\"off\">\n\t\t\t\t\t\t\t\t<div class=\"swiper-slide\" role=\"group\" aria-roledescription=\"slide\" aria-label=\"1 sur 3\"><figure class=\"swiper-slide-inner\"><img decoding=\"async\" class=\"swiper-slide-image\" src=\"https:\/\/www.uniqueonyx.ch\/wp-content\/uploads\/DSC3306.jpeg\" alt=\"_DSC3306\" \/><\/figure><\/div><div class=\"swiper-slide\" role=\"group\" aria-roledescription=\"slide\" aria-label=\"2 sur 3\"><figure class=\"swiper-slide-inner\"><img decoding=\"async\" class=\"swiper-slide-image\" src=\"https:\/\/www.uniqueonyx.ch\/wp-content\/uploads\/DSC3257.jpeg\" alt=\"_DSC3257\" \/><\/figure><\/div><div class=\"swiper-slide\" role=\"group\" aria-roledescription=\"slide\" aria-label=\"3 sur 3\"><figure class=\"swiper-slide-inner\"><img decoding=\"async\" class=\"swiper-slide-image\" src=\"https:\/\/www.uniqueonyx.ch\/wp-content\/uploads\/Atelier-pour-web.jpeg\" alt=\"Atelier pour web\" \/><\/figure><\/div>\t\t\t<\/div>\n\t\t\t\t\t\t\t\t\t\t\t\t<div class=\"elementor-swiper-button elementor-swiper-button-prev\" role=\"button\" tabindex=\"0\">\n\t\t\t\t\t\t<i aria-hidden=\"true\" class=\"eicon-chevron-left\"><\/i>\t\t\t\t\t<\/div>\n\t\t\t\t\t<div class=\"elementor-swiper-button elementor-swiper-button-next\" role=\"button\" tabindex=\"0\">\n\t\t\t\t\t\t<i aria-hidden=\"true\" class=\"eicon-chevron-right\"><\/i>\t\t\t\t\t<\/div>\n\t\t\t\t\n\t\t\t\t\t\t\t\t\t<\/div>\n\t\t\t\t\t\t<\/div>\n\t\t\t\t<\/div>\n\t\t\t\t\t<\/div>\n\t\t<\/div>\n\t\t\t\t\t<\/div>\n\t\t<\/section>\n\t\t\t\t<\/div>","protected":false},"excerpt":{"rendered":"<p>Notre Partenaire Un partenariat strat\u00e9gique entre une entreprise Valaisanne et une entreprise Jurassienne :La Marbrerie Kaiser Une cinqui\u00e8me g\u00e9n\u00e9ration, d\u00e9termin\u00e9e \u00e0 perp\u00e9tuer et faire grandir l\u2019entreprise La passion de la pierre naturelle, au c\u0153ur du savoir-faire Une \u00e9quipe de 15 collaborateurs, comp\u00e9tents et engag\u00e9s Un parc de machine, \u00e0 la pointe de la technologie Notre [&hellip;]<\/p>\n","protected":false},"author":1,"featured_media":0,"parent":0,"menu_order":0,"comment_status":"closed","ping_status":"closed","template":"","meta":{"footnotes":""},"class_list":["post-2411","page","type-page","status-publish","hentry"],"yoast_head":"<!-- This site is optimized with the Yoast SEO plugin v27.5 - https:\/\/yoast.com\/product\/yoast-seo-wordpress\/ -->\n<title>Savoir faire - Unique Onyx<\/title>\n<meta name=\"description\" content=\"Vert d\u2019Evol\u00e8ne, Vert des Glaciers, Pierre de Saxon, Verde Andeer, San Bernardino, Calcaire du Jura, Quartzite Patagonia, Mont-Blanc, Taj Mahal, Azul Macauba, Marbre de Carrare, Macchia Vecchia,...\" \/>\n<meta name=\"robots\" content=\"index, follow, max-snippet:-1, max-image-preview:large, max-video-preview:-1\" \/>\n<link rel=\"canonical\" href=\"https:\/\/www.uniqueonyx.ch\/en\/savoir-faire\/\" \/>\n<meta property=\"og:locale\" content=\"en_GB\" \/>\n<meta property=\"og:type\" content=\"article\" \/>\n<meta property=\"og:title\" content=\"Savoir faire - Unique Onyx\" \/>\n<meta property=\"og:description\" content=\"Vert d\u2019Evol\u00e8ne, Vert des Glaciers, Pierre de Saxon, Verde Andeer, San Bernardino, Calcaire du Jura, Quartzite Patagonia, Mont-Blanc, Taj Mahal, Azul Macauba, Marbre de Carrare, Macchia Vecchia,...\" \/>\n<meta property=\"og:url\" content=\"https:\/\/www.uniqueonyx.ch\/en\/savoir-faire\/\" \/>\n<meta property=\"og:site_name\" content=\"Unique Onyx\" \/>\n<meta property=\"article:publisher\" content=\"https:\/\/www.facebook.com\/Unique-Onyx-103509342107784\" \/>\n<meta property=\"article:modified_time\" content=\"2025-07-03T12:33:58+00:00\" \/>\n<meta property=\"og:image\" content=\"https:\/\/www.uniqueonyx.ch\/wp-content\/uploads\/partenaire-scaled.png\" \/>\n\t<meta property=\"og:image:width\" content=\"2560\" \/>\n\t<meta property=\"og:image:height\" content=\"1557\" \/>\n\t<meta property=\"og:image:type\" content=\"image\/png\" \/>\n<meta name=\"twitter:card\" content=\"summary_large_image\" \/>\n<meta name=\"twitter:label1\" content=\"Estimated reading time\" \/>\n\t<meta name=\"twitter:data1\" content=\"1 minute\" \/>\n<script type=\"application\/ld+json\" class=\"yoast-schema-graph\">{\"@context\":\"https:\\\/\\\/schema.org\",\"@graph\":[{\"@type\":\"WebPage\",\"@id\":\"https:\\\/\\\/www.uniqueonyx.ch\\\/savoir-faire\\\/\",\"url\":\"https:\\\/\\\/www.uniqueonyx.ch\\\/savoir-faire\\\/\",\"name\":\"Savoir faire - Unique Onyx\",\"isPartOf\":{\"@id\":\"https:\\\/\\\/www.uniqueonyx.ch\\\/#website\"},\"primaryImageOfPage\":{\"@id\":\"https:\\\/\\\/www.uniqueonyx.ch\\\/savoir-faire\\\/#primaryimage\"},\"image\":{\"@id\":\"https:\\\/\\\/www.uniqueonyx.ch\\\/savoir-faire\\\/#primaryimage\"},\"thumbnailUrl\":\"https:\\\/\\\/www.uniqueonyx.ch\\\/wp-content\\\/uploads\\\/partenaire-1024x623.png\",\"datePublished\":\"2025-04-03T09:28:12+00:00\",\"dateModified\":\"2025-07-03T12:33:58+00:00\",\"description\":\"Vert d\u2019Evol\u00e8ne, Vert des Glaciers, Pierre de Saxon, Verde Andeer, San Bernardino, Calcaire du Jura, Quartzite Patagonia, Mont-Blanc, Taj Mahal, Azul Macauba, Marbre de Carrare, Macchia Vecchia,...\",\"breadcrumb\":{\"@id\":\"https:\\\/\\\/www.uniqueonyx.ch\\\/savoir-faire\\\/#breadcrumb\"},\"inLanguage\":\"en-GB\",\"potentialAction\":[{\"@type\":\"ReadAction\",\"target\":[\"https:\\\/\\\/www.uniqueonyx.ch\\\/savoir-faire\\\/\"]}]},{\"@type\":\"ImageObject\",\"inLanguage\":\"en-GB\",\"@id\":\"https:\\\/\\\/www.uniqueonyx.ch\\\/savoir-faire\\\/#primaryimage\",\"url\":\"https:\\\/\\\/www.uniqueonyx.ch\\\/wp-content\\\/uploads\\\/partenaire-1024x623.png\",\"contentUrl\":\"https:\\\/\\\/www.uniqueonyx.ch\\\/wp-content\\\/uploads\\\/partenaire-1024x623.png\"},{\"@type\":\"BreadcrumbList\",\"@id\":\"https:\\\/\\\/www.uniqueonyx.ch\\\/savoir-faire\\\/#breadcrumb\",\"itemListElement\":[{\"@type\":\"ListItem\",\"position\":1,\"name\":\"Accueil\",\"item\":\"https:\\\/\\\/www.uniqueonyx.ch\\\/\"},{\"@type\":\"ListItem\",\"position\":2,\"name\":\"Savoir faire\"}]},{\"@type\":\"WebSite\",\"@id\":\"https:\\\/\\\/www.uniqueonyx.ch\\\/#website\",\"url\":\"https:\\\/\\\/www.uniqueonyx.ch\\\/\",\"name\":\"Unique Onyx\",\"description\":\"Marbrerie Haut-de-gamme\",\"publisher\":{\"@id\":\"https:\\\/\\\/www.uniqueonyx.ch\\\/#organization\"},\"potentialAction\":[{\"@type\":\"SearchAction\",\"target\":{\"@type\":\"EntryPoint\",\"urlTemplate\":\"https:\\\/\\\/www.uniqueonyx.ch\\\/?s={search_term_string}\"},\"query-input\":{\"@type\":\"PropertyValueSpecification\",\"valueRequired\":true,\"valueName\":\"search_term_string\"}}],\"inLanguage\":\"en-GB\"},{\"@type\":\"Organization\",\"@id\":\"https:\\\/\\\/www.uniqueonyx.ch\\\/#organization\",\"name\":\"Unique Onyx\",\"url\":\"https:\\\/\\\/www.uniqueonyx.ch\\\/\",\"logo\":{\"@type\":\"ImageObject\",\"inLanguage\":\"en-GB\",\"@id\":\"https:\\\/\\\/www.uniqueonyx.ch\\\/#\\\/schema\\\/logo\\\/image\\\/\",\"url\":\"https:\\\/\\\/www.uniqueonyx.ch\\\/wp-content\\\/uploads\\\/favicom.svg\",\"contentUrl\":\"https:\\\/\\\/www.uniqueonyx.ch\\\/wp-content\\\/uploads\\\/favicom.svg\",\"width\":512,\"height\":512,\"caption\":\"Unique Onyx\"},\"image\":{\"@id\":\"https:\\\/\\\/www.uniqueonyx.ch\\\/#\\\/schema\\\/logo\\\/image\\\/\"},\"sameAs\":[\"https:\\\/\\\/www.facebook.com\\\/Unique-Onyx-103509342107784\",\"https:\\\/\\\/www.instagram.com\\\/uniqueonyx_marbrerie\\\/?hl=fr\",\"https:\\\/\\\/ch.linkedin.com\\\/in\\\/david-gay-des-combes-5184a5198\"]}]}<\/script>\n<!-- \/ Yoast SEO plugin. -->","yoast_head_json":{"title":"Savoir faire - Unique Onyx","description":"Vert d\u2019Evol\u00e8ne, Vert des Glaciers, Pierre de Saxon, Verde Andeer, San Bernardino, Calcaire du Jura, Quartzite Patagonia, Mont-Blanc, Taj Mahal, Azul Macauba, Marbre de Carrare, Macchia Vecchia,...","robots":{"index":"index","follow":"follow","max-snippet":"max-snippet:-1","max-image-preview":"max-image-preview:large","max-video-preview":"max-video-preview:-1"},"canonical":"https:\/\/www.uniqueonyx.ch\/en\/savoir-faire\/","og_locale":"en_GB","og_type":"article","og_title":"Savoir faire - Unique Onyx","og_description":"Vert d\u2019Evol\u00e8ne, Vert des Glaciers, Pierre de Saxon, Verde Andeer, San Bernardino, Calcaire du Jura, Quartzite Patagonia, Mont-Blanc, Taj Mahal, Azul Macauba, Marbre de Carrare, Macchia Vecchia,...","og_url":"https:\/\/www.uniqueonyx.ch\/en\/savoir-faire\/","og_site_name":"Unique Onyx","article_publisher":"https:\/\/www.facebook.com\/Unique-Onyx-103509342107784","article_modified_time":"2025-07-03T12:33:58+00:00","og_image":[{"width":2560,"height":1557,"url":"https:\/\/www.uniqueonyx.ch\/wp-content\/uploads\/partenaire-scaled.png","type":"image\/png"}],"twitter_card":"summary_large_image","twitter_misc":{"Estimated reading time":"1 minute"},"schema":{"@context":"https:\/\/schema.org","@graph":[{"@type":"WebPage","@id":"https:\/\/www.uniqueonyx.ch\/savoir-faire\/","url":"https:\/\/www.uniqueonyx.ch\/savoir-faire\/","name":"Savoir faire - Unique Onyx","isPartOf":{"@id":"https:\/\/www.uniqueonyx.ch\/#website"},"primaryImageOfPage":{"@id":"https:\/\/www.uniqueonyx.ch\/savoir-faire\/#primaryimage"},"image":{"@id":"https:\/\/www.uniqueonyx.ch\/savoir-faire\/#primaryimage"},"thumbnailUrl":"https:\/\/www.uniqueonyx.ch\/wp-content\/uploads\/partenaire-1024x623.png","datePublished":"2025-04-03T09:28:12+00:00","dateModified":"2025-07-03T12:33:58+00:00","description":"Vert d\u2019Evol\u00e8ne, Vert des Glaciers, Pierre de Saxon, Verde Andeer, San Bernardino, Calcaire du Jura, Quartzite Patagonia, Mont-Blanc, Taj Mahal, Azul Macauba, Marbre de Carrare, Macchia Vecchia,...","breadcrumb":{"@id":"https:\/\/www.uniqueonyx.ch\/savoir-faire\/#breadcrumb"},"inLanguage":"en-GB","potentialAction":[{"@type":"ReadAction","target":["https:\/\/www.uniqueonyx.ch\/savoir-faire\/"]}]},{"@type":"ImageObject","inLanguage":"en-GB","@id":"https:\/\/www.uniqueonyx.ch\/savoir-faire\/#primaryimage","url":"https:\/\/www.uniqueonyx.ch\/wp-content\/uploads\/partenaire-1024x623.png","contentUrl":"https:\/\/www.uniqueonyx.ch\/wp-content\/uploads\/partenaire-1024x623.png"},{"@type":"BreadcrumbList","@id":"https:\/\/www.uniqueonyx.ch\/savoir-faire\/#breadcrumb","itemListElement":[{"@type":"ListItem","position":1,"name":"Accueil","item":"https:\/\/www.uniqueonyx.ch\/"},{"@type":"ListItem","position":2,"name":"Savoir faire"}]},{"@type":"WebSite","@id":"https:\/\/www.uniqueonyx.ch\/#website","url":"https:\/\/www.uniqueonyx.ch\/","name":"Unique Onyx","description":"Marbrerie Haut-de-gamme","publisher":{"@id":"https:\/\/www.uniqueonyx.ch\/#organization"},"potentialAction":[{"@type":"SearchAction","target":{"@type":"EntryPoint","urlTemplate":"https:\/\/www.uniqueonyx.ch\/?s={search_term_string}"},"query-input":{"@type":"PropertyValueSpecification","valueRequired":true,"valueName":"search_term_string"}}],"inLanguage":"en-GB"},{"@type":"Organization","@id":"https:\/\/www.uniqueonyx.ch\/#organization","name":"Unique Onyx","url":"https:\/\/www.uniqueonyx.ch\/","logo":{"@type":"ImageObject","inLanguage":"en-GB","@id":"https:\/\/www.uniqueonyx.ch\/#\/schema\/logo\/image\/","url":"https:\/\/www.uniqueonyx.ch\/wp-content\/uploads\/favicom.svg","contentUrl":"https:\/\/www.uniqueonyx.ch\/wp-content\/uploads\/favicom.svg","width":512,"height":512,"caption":"Unique Onyx"},"image":{"@id":"https:\/\/www.uniqueonyx.ch\/#\/schema\/logo\/image\/"},"sameAs":["https:\/\/www.facebook.com\/Unique-Onyx-103509342107784","https:\/\/www.instagram.com\/uniqueonyx_marbrerie\/?hl=fr","https:\/\/ch.linkedin.com\/in\/david-gay-des-combes-5184a5198"]}]}},"_links":{"self":[{"href":"https:\/\/www.uniqueonyx.ch\/en\/wp-json\/wp\/v2\/pages\/2411","targetHints":{"allow":["GET"]}}],"collection":[{"href":"https:\/\/www.uniqueonyx.ch\/en\/wp-json\/wp\/v2\/pages"}],"about":[{"href":"https:\/\/www.uniqueonyx.ch\/en\/wp-json\/wp\/v2\/types\/page"}],"author":[{"embeddable":true,"href":"https:\/\/www.uniqueonyx.ch\/en\/wp-json\/wp\/v2\/users\/1"}],"replies":[{"embeddable":true,"href":"https:\/\/www.uniqueonyx.ch\/en\/wp-json\/wp\/v2\/comments?post=2411"}],"version-history":[{"count":394,"href":"https:\/\/www.uniqueonyx.ch\/en\/wp-json\/wp\/v2\/pages\/2411\/revisions"}],"predecessor-version":[{"id":4958,"href":"https:\/\/www.uniqueonyx.ch\/en\/wp-json\/wp\/v2\/pages\/2411\/revisions\/4958"}],"wp:attachment":[{"href":"https:\/\/www.uniqueonyx.ch\/en\/wp-json\/wp\/v2\/media?parent=2411"}],"curies":[{"name":"wp","href":"https:\/\/api.w.org\/{rel}","templated":true}]}}