{"id":2359,"date":"2025-04-03T09:44:09","date_gmt":"2025-04-03T07:44:09","guid":{"rendered":"https:\/\/www.uniqueonyx.ch\/?page_id=2359"},"modified":"2025-11-24T09:45:25","modified_gmt":"2025-11-24T08:45:25","slug":"lentreprise","status":"publish","type":"page","link":"https:\/\/www.uniqueonyx.ch\/en\/lentreprise\/","title":{"rendered":"The company"},"content":{"rendered":"<div data-elementor-type=\"wp-page\" data-elementor-id=\"2359\" class=\"elementor elementor-2359\" data-elementor-post-type=\"page\">\n\t\t\t\t\t\t<section class=\"elementor-section elementor-top-section elementor-element elementor-element-dbf3f21 elementor-section-full_width elementor-section-height-default elementor-section-height-default\" data-id=\"dbf3f21\" data-element_type=\"section\" data-e-type=\"section\">\n\t\t\t\t\t\t<div class=\"elementor-container elementor-column-gap-default\">\n\t\t\t\t\t<div class=\"elementor-column elementor-col-100 elementor-top-column elementor-element elementor-element-ac1b9b9\" data-id=\"ac1b9b9\" data-element_type=\"column\" data-e-type=\"column\" data-settings=\"{&quot;background_background&quot;:&quot;classic&quot;}\">\n\t\t\t<div class=\"elementor-widget-wrap elementor-element-populated\">\n\t\t\t\t\t\t<div class=\"elementor-element elementor-element-8c8257f elementor-widget elementor-widget-heading\" data-id=\"8c8257f\" data-element_type=\"widget\" data-e-type=\"widget\" data-widget_type=\"heading.default\">\n\t\t\t\t<div class=\"elementor-widget-container\">\n\t\t\t\t\t<h1 class=\"elementor-heading-title elementor-size-default\">About us<\/h1>\t\t\t\t<\/div>\n\t\t\t\t<\/div>\n\t\t\t\t<div class=\"elementor-element elementor-element-1e8b387 elementor-widget-divider--view-line elementor-widget elementor-widget-divider\" data-id=\"1e8b387\" data-element_type=\"widget\" data-e-type=\"widget\" data-widget_type=\"divider.default\">\n\t\t\t\t<div class=\"elementor-widget-container\">\n\t\t\t\t\t\t\t<div class=\"elementor-divider\">\n\t\t\t<span class=\"elementor-divider-separator\">\n\t\t\t\t\t\t<\/span>\n\t\t<\/div>\n\t\t\t\t\t\t<\/div>\n\t\t\t\t<\/div>\n\t\t\t\t\t<\/div>\n\t\t<\/div>\n\t\t\t\t\t<\/div>\n\t\t<\/section>\n\t\t\t\t<section class=\"elementor-section elementor-top-section elementor-element elementor-element-5708079 elementor-section-full_width elementor-section-height-default elementor-section-height-default\" data-id=\"5708079\" data-element_type=\"section\" data-e-type=\"section\">\n\t\t\t\t\t\t<div class=\"elementor-container elementor-column-gap-default\">\n\t\t\t\t\t<div class=\"elementor-column elementor-col-50 elementor-top-column elementor-element elementor-element-dcc2f41\" data-id=\"dcc2f41\" data-element_type=\"column\" data-e-type=\"column\" data-settings=\"{&quot;background_background&quot;:&quot;classic&quot;}\">\n\t\t\t<div class=\"elementor-widget-wrap elementor-element-populated\">\n\t\t\t\t\t\t<div class=\"elementor-element elementor-element-731355f elementor-widget elementor-widget-text-editor\" data-id=\"731355f\" data-element_type=\"widget\" data-e-type=\"widget\" data-settings=\"{&quot;_animation&quot;:&quot;none&quot;}\" data-widget_type=\"text-editor.default\">\n\t\t\t\t<div class=\"elementor-widget-container\">\n\t\t\t\t\t\t\t\t\t<p>Based in Valais, Unique Onyx is a company specializing in high-end marble craftsmanship.<\/p><p>From the careful selection of stones to their custom implementation\u2014through precise surveys and technical drawings\u2014 Unique Onyx elevates raw material into timeless masterpieces.<\/p><p>Each creation is a one-of-a-kind piece, shaped with passion and expertise to enhance your living spaces.<\/p>\t\t\t\t\t\t\t\t<\/div>\n\t\t\t\t<\/div>\n\t\t\t\t\t<\/div>\n\t\t<\/div>\n\t\t\t\t<div class=\"elementor-column elementor-col-50 elementor-top-column elementor-element elementor-element-71fc61b\" data-id=\"71fc61b\" data-element_type=\"column\" data-e-type=\"column\" data-settings=\"{&quot;background_background&quot;:&quot;classic&quot;}\">\n\t\t\t<div class=\"elementor-widget-wrap elementor-element-populated\">\n\t\t\t\t\t\t<div class=\"elementor-element elementor-element-39fadbd elementor-widget elementor-widget-image\" data-id=\"39fadbd\" data-element_type=\"widget\" data-e-type=\"widget\" data-widget_type=\"image.default\">\n\t\t\t\t<div class=\"elementor-widget-container\">\n\t\t\t\t\t\t\t\t\t\t\t\t\t\t\t<img fetchpriority=\"high\" decoding=\"async\" width=\"800\" height=\"534\" src=\"https:\/\/www.uniqueonyx.ch\/wp-content\/uploads\/showroom_24-1024x683.jpg\" class=\"attachment-large size-large wp-image-5076\" alt=\"\" srcset=\"https:\/\/www.uniqueonyx.ch\/wp-content\/uploads\/showroom_24-1024x683.jpg 1024w, https:\/\/www.uniqueonyx.ch\/wp-content\/uploads\/showroom_24-300x200.jpg 300w, https:\/\/www.uniqueonyx.ch\/wp-content\/uploads\/showroom_24-768x512.jpg 768w, https:\/\/www.uniqueonyx.ch\/wp-content\/uploads\/showroom_24-1536x1024.jpg 1536w, https:\/\/www.uniqueonyx.ch\/wp-content\/uploads\/showroom_24-2048x1365.jpg 2048w, https:\/\/www.uniqueonyx.ch\/wp-content\/uploads\/showroom_24-18x12.jpg 18w\" sizes=\"(max-width: 800px) 100vw, 800px\" \/>\t\t\t\t\t\t\t\t\t\t\t\t\t\t\t<\/div>\n\t\t\t\t<\/div>\n\t\t\t\t\t<\/div>\n\t\t<\/div>\n\t\t\t\t\t<\/div>\n\t\t<\/section>\n\t\t\t\t<section class=\"elementor-section elementor-top-section elementor-element elementor-element-d285754 elementor-section-full_width elementor-section-height-default elementor-section-height-default\" data-id=\"d285754\" data-element_type=\"section\" data-e-type=\"section\">\n\t\t\t\t\t\t<div class=\"elementor-container elementor-column-gap-default\">\n\t\t\t\t\t<div class=\"elementor-column elementor-col-100 elementor-top-column elementor-element elementor-element-5b7dc30\" data-id=\"5b7dc30\" data-element_type=\"column\" data-e-type=\"column\" data-settings=\"{&quot;background_background&quot;:&quot;classic&quot;}\">\n\t\t\t<div class=\"elementor-widget-wrap elementor-element-populated\">\n\t\t\t\t\t\t<div class=\"elementor-element elementor-element-b4d4b67 elementor-widget elementor-widget-heading\" data-id=\"b4d4b67\" data-element_type=\"widget\" data-e-type=\"widget\" data-widget_type=\"heading.default\">\n\t\t\t\t<div class=\"elementor-widget-container\">\n\t\t\t\t\t<h1 class=\"elementor-heading-title elementor-size-default\">L'\u00e9quipe<\/h1>\t\t\t\t<\/div>\n\t\t\t\t<\/div>\n\t\t\t\t<div class=\"elementor-element elementor-element-25d9b39 elementor-widget-divider--view-line elementor-widget elementor-widget-divider\" data-id=\"25d9b39\" data-element_type=\"widget\" data-e-type=\"widget\" data-widget_type=\"divider.default\">\n\t\t\t\t<div class=\"elementor-widget-container\">\n\t\t\t\t\t\t\t<div class=\"elementor-divider\">\n\t\t\t<span class=\"elementor-divider-separator\">\n\t\t\t\t\t\t<\/span>\n\t\t<\/div>\n\t\t\t\t\t\t<\/div>\n\t\t\t\t<\/div>\n\t\t\t\t\t<\/div>\n\t\t<\/div>\n\t\t\t\t\t<\/div>\n\t\t<\/section>\n\t\t\t\t<section class=\"elementor-section elementor-top-section elementor-element elementor-element-f8b72c1 elementor-section-full_width elementor-section-height-default elementor-section-height-default\" data-id=\"f8b72c1\" data-element_type=\"section\" data-e-type=\"section\">\n\t\t\t\t\t\t<div class=\"elementor-container elementor-column-gap-default\">\n\t\t\t\t\t<div class=\"elementor-column elementor-col-33 elementor-top-column elementor-element elementor-element-3be3042\" data-id=\"3be3042\" data-element_type=\"column\" data-e-type=\"column\" data-settings=\"{&quot;background_background&quot;:&quot;classic&quot;}\">\n\t\t\t<div class=\"elementor-widget-wrap elementor-element-populated\">\n\t\t\t\t\t\t<div class=\"elementor-element elementor-element-91e1a53 elementor-widget elementor-widget-text-editor\" data-id=\"91e1a53\" data-element_type=\"widget\" data-e-type=\"widget\" data-settings=\"{&quot;_animation&quot;:&quot;none&quot;}\" data-widget_type=\"text-editor.default\">\n\t\t\t\t<div class=\"elementor-widget-container\">\n\t\t\t\t\t\t\t\t\t<h2>Marc Kaiser<br \/>Cofondateur<br \/>Ma\u00eetre tailleur de pierre<\/h2>\t\t\t\t\t\t\t\t<\/div>\n\t\t\t\t<\/div>\n\t\t\t\t<div class=\"elementor-element elementor-element-6678927 elementor-widget elementor-widget-image\" data-id=\"6678927\" data-element_type=\"widget\" data-e-type=\"widget\" data-widget_type=\"image.default\">\n\t\t\t\t<div class=\"elementor-widget-container\">\n\t\t\t\t\t\t\t\t\t\t\t\t\t\t\t<img decoding=\"async\" width=\"683\" height=\"1024\" src=\"https:\/\/www.uniqueonyx.ch\/wp-content\/uploads\/Portraits_09-683x1024.jpg\" class=\"attachment-large size-large wp-image-5136\" alt=\"\" srcset=\"https:\/\/www.uniqueonyx.ch\/wp-content\/uploads\/Portraits_09-683x1024.jpg 683w, https:\/\/www.uniqueonyx.ch\/wp-content\/uploads\/Portraits_09-200x300.jpg 200w, https:\/\/www.uniqueonyx.ch\/wp-content\/uploads\/Portraits_09-768x1152.jpg 768w, https:\/\/www.uniqueonyx.ch\/wp-content\/uploads\/Portraits_09-1024x1536.jpg 1024w, https:\/\/www.uniqueonyx.ch\/wp-content\/uploads\/Portraits_09-1365x2048.jpg 1365w, https:\/\/www.uniqueonyx.ch\/wp-content\/uploads\/Portraits_09-8x12.jpg 8w, https:\/\/www.uniqueonyx.ch\/wp-content\/uploads\/Portraits_09-scaled.jpg 1707w\" sizes=\"(max-width: 683px) 100vw, 683px\" \/>\t\t\t\t\t\t\t\t\t\t\t\t\t\t\t<\/div>\n\t\t\t\t<\/div>\n\t\t\t\t\t<\/div>\n\t\t<\/div>\n\t\t\t\t<div class=\"elementor-column elementor-col-33 elementor-top-column elementor-element elementor-element-1803cbf\" data-id=\"1803cbf\" data-element_type=\"column\" data-e-type=\"column\" data-settings=\"{&quot;background_background&quot;:&quot;classic&quot;}\">\n\t\t\t<div class=\"elementor-widget-wrap elementor-element-populated\">\n\t\t\t\t\t\t<div class=\"elementor-element elementor-element-86a2890 elementor-widget elementor-widget-text-editor\" data-id=\"86a2890\" data-element_type=\"widget\" data-e-type=\"widget\" data-settings=\"{&quot;_animation&quot;:&quot;none&quot;}\" data-widget_type=\"text-editor.default\">\n\t\t\t\t<div class=\"elementor-widget-container\">\n\t\t\t\t\t\t\t\t\t<h2>Dimitri Schrepfer<br \/>Cofondateur<br \/>Economiste d&rsquo;entreprise<\/h2>\t\t\t\t\t\t\t\t<\/div>\n\t\t\t\t<\/div>\n\t\t\t\t<div class=\"elementor-element elementor-element-055ad5e elementor-widget elementor-widget-image\" data-id=\"055ad5e\" data-element_type=\"widget\" data-e-type=\"widget\" data-widget_type=\"image.default\">\n\t\t\t\t<div class=\"elementor-widget-container\">\n\t\t\t\t\t\t\t\t\t\t\t\t\t\t\t<img decoding=\"async\" width=\"683\" height=\"1024\" src=\"https:\/\/www.uniqueonyx.ch\/wp-content\/uploads\/Portraits_06-683x1024.jpg\" class=\"attachment-large size-large wp-image-5134\" alt=\"\" srcset=\"https:\/\/www.uniqueonyx.ch\/wp-content\/uploads\/Portraits_06-683x1024.jpg 683w, https:\/\/www.uniqueonyx.ch\/wp-content\/uploads\/Portraits_06-200x300.jpg 200w, https:\/\/www.uniqueonyx.ch\/wp-content\/uploads\/Portraits_06-768x1152.jpg 768w, https:\/\/www.uniqueonyx.ch\/wp-content\/uploads\/Portraits_06-1024x1536.jpg 1024w, https:\/\/www.uniqueonyx.ch\/wp-content\/uploads\/Portraits_06-1365x2048.jpg 1365w, https:\/\/www.uniqueonyx.ch\/wp-content\/uploads\/Portraits_06-8x12.jpg 8w, https:\/\/www.uniqueonyx.ch\/wp-content\/uploads\/Portraits_06-scaled.jpg 1707w\" sizes=\"(max-width: 683px) 100vw, 683px\" \/>\t\t\t\t\t\t\t\t\t\t\t\t\t\t\t<\/div>\n\t\t\t\t<\/div>\n\t\t\t\t\t<\/div>\n\t\t<\/div>\n\t\t\t\t<div class=\"elementor-column elementor-col-33 elementor-top-column elementor-element elementor-element-ac82ae3\" data-id=\"ac82ae3\" data-element_type=\"column\" data-e-type=\"column\" data-settings=\"{&quot;background_background&quot;:&quot;classic&quot;}\">\n\t\t\t<div class=\"elementor-widget-wrap elementor-element-populated\">\n\t\t\t\t\t\t<div class=\"elementor-element elementor-element-4a0c4c1 elementor-widget elementor-widget-text-editor\" data-id=\"4a0c4c1\" data-element_type=\"widget\" data-e-type=\"widget\" data-settings=\"{&quot;_animation&quot;:&quot;none&quot;}\" data-widget_type=\"text-editor.default\">\n\t\t\t\t<div class=\"elementor-widget-container\">\n\t\t\t\t\t\t\t\t\t<h2>Caroline Duret<br \/>Cheffe de projet<\/h2>\t\t\t\t\t\t\t\t<\/div>\n\t\t\t\t<\/div>\n\t\t\t\t<div class=\"elementor-element elementor-element-c7795b8 elementor-widget elementor-widget-image\" data-id=\"c7795b8\" data-element_type=\"widget\" data-e-type=\"widget\" data-widget_type=\"image.default\">\n\t\t\t\t<div class=\"elementor-widget-container\">\n\t\t\t\t\t\t\t\t\t\t\t\t\t\t\t<img loading=\"lazy\" decoding=\"async\" width=\"683\" height=\"1024\" src=\"https:\/\/www.uniqueonyx.ch\/wp-content\/uploads\/Portraits_03-683x1024.jpg\" class=\"attachment-large size-large wp-image-5132\" alt=\"\" srcset=\"https:\/\/www.uniqueonyx.ch\/wp-content\/uploads\/Portraits_03-683x1024.jpg 683w, https:\/\/www.uniqueonyx.ch\/wp-content\/uploads\/Portraits_03-200x300.jpg 200w, https:\/\/www.uniqueonyx.ch\/wp-content\/uploads\/Portraits_03-768x1152.jpg 768w, https:\/\/www.uniqueonyx.ch\/wp-content\/uploads\/Portraits_03-1024x1536.jpg 1024w, https:\/\/www.uniqueonyx.ch\/wp-content\/uploads\/Portraits_03-1365x2048.jpg 1365w, https:\/\/www.uniqueonyx.ch\/wp-content\/uploads\/Portraits_03-8x12.jpg 8w, https:\/\/www.uniqueonyx.ch\/wp-content\/uploads\/Portraits_03-scaled.jpg 1707w\" sizes=\"(max-width: 683px) 100vw, 683px\" \/>\t\t\t\t\t\t\t\t\t\t\t\t\t\t\t<\/div>\n\t\t\t\t<\/div>\n\t\t\t\t\t<\/div>\n\t\t<\/div>\n\t\t\t\t\t<\/div>\n\t\t<\/section>\n\t\t\t\t<\/div>","protected":false},"excerpt":{"rendered":"<p>\u00c0 propos Unique Onyx est une entreprise valaisanne active dans le domaine de la marbrerie haut de gamme. De la s\u00e9lection minutieuse des pierres, a\u0300 leur mise en \u0153uvre sur mesure, en passant par des relev\u00e9s et des plans techniques de pr\u00e9cision, Unique Onyx sublime la mati\u00e8re pour en faire un chef-d\u2019\u0153uvre intemporel\u2026 Chaque r\u00e9alisation [&hellip;]<\/p>\n","protected":false},"author":1,"featured_media":0,"parent":0,"menu_order":0,"comment_status":"closed","ping_status":"closed","template":"","meta":{"footnotes":""},"class_list":["post-2359","page","type-page","status-publish","hentry"],"yoast_head":"<!-- This site is optimized with the Yoast SEO plugin v27.5 - https:\/\/yoast.com\/product\/yoast-seo-wordpress\/ -->\n<title>L&#039;entreprise - Unique Onyx<\/title>\n<meta name=\"description\" content=\"Vert d\u2019Evol\u00e8ne, Vert des Glaciers, Pierre de Saxon, Verde Andeer, San Bernardino, Calcaire du Jura, Quartzite Patagonia, Mont-Blanc, Taj Mahal, Azul Macauba, Marbre de Carrare, Macchia Vecchia,...\" \/>\n<meta name=\"robots\" content=\"index, follow, max-snippet:-1, max-image-preview:large, max-video-preview:-1\" \/>\n<link rel=\"canonical\" href=\"https:\/\/www.uniqueonyx.ch\/en\/lentreprise\/\" \/>\n<meta property=\"og:locale\" content=\"en_GB\" \/>\n<meta property=\"og:type\" content=\"article\" \/>\n<meta property=\"og:title\" content=\"L&#039;entreprise - Unique Onyx\" \/>\n<meta property=\"og:description\" content=\"Vert d\u2019Evol\u00e8ne, Vert des Glaciers, Pierre de Saxon, Verde Andeer, San Bernardino, Calcaire du Jura, Quartzite Patagonia, Mont-Blanc, Taj Mahal, Azul Macauba, Marbre de Carrare, Macchia Vecchia,...\" \/>\n<meta property=\"og:url\" content=\"https:\/\/www.uniqueonyx.ch\/en\/lentreprise\/\" \/>\n<meta property=\"og:site_name\" content=\"Unique Onyx\" \/>\n<meta property=\"article:publisher\" content=\"https:\/\/www.facebook.com\/Unique-Onyx-103509342107784\" \/>\n<meta property=\"article:modified_time\" content=\"2025-11-24T08:45:25+00:00\" \/>\n<meta property=\"og:image\" content=\"https:\/\/www.uniqueonyx.ch\/wp-content\/uploads\/showroom_24-scaled.jpg\" \/>\n\t<meta property=\"og:image:width\" content=\"2560\" \/>\n\t<meta property=\"og:image:height\" content=\"1707\" \/>\n\t<meta property=\"og:image:type\" content=\"image\/jpeg\" \/>\n<meta name=\"twitter:card\" content=\"summary_large_image\" \/>\n<meta name=\"twitter:label1\" content=\"Estimated reading time\" \/>\n\t<meta name=\"twitter:data1\" content=\"1 minute\" \/>\n<script type=\"application\/ld+json\" class=\"yoast-schema-graph\">{\"@context\":\"https:\\\/\\\/schema.org\",\"@graph\":[{\"@type\":\"WebPage\",\"@id\":\"https:\\\/\\\/www.uniqueonyx.ch\\\/lentreprise\\\/\",\"url\":\"https:\\\/\\\/www.uniqueonyx.ch\\\/lentreprise\\\/\",\"name\":\"L'entreprise - Unique Onyx\",\"isPartOf\":{\"@id\":\"https:\\\/\\\/www.uniqueonyx.ch\\\/#website\"},\"primaryImageOfPage\":{\"@id\":\"https:\\\/\\\/www.uniqueonyx.ch\\\/lentreprise\\\/#primaryimage\"},\"image\":{\"@id\":\"https:\\\/\\\/www.uniqueonyx.ch\\\/lentreprise\\\/#primaryimage\"},\"thumbnailUrl\":\"https:\\\/\\\/www.uniqueonyx.ch\\\/wp-content\\\/uploads\\\/showroom_24-1024x683.jpg\",\"datePublished\":\"2025-04-03T07:44:09+00:00\",\"dateModified\":\"2025-11-24T08:45:25+00:00\",\"description\":\"Vert d\u2019Evol\u00e8ne, Vert des Glaciers, Pierre de Saxon, Verde Andeer, San Bernardino, Calcaire du Jura, Quartzite Patagonia, Mont-Blanc, Taj Mahal, Azul Macauba, Marbre de Carrare, Macchia Vecchia,...\",\"breadcrumb\":{\"@id\":\"https:\\\/\\\/www.uniqueonyx.ch\\\/lentreprise\\\/#breadcrumb\"},\"inLanguage\":\"en-GB\",\"potentialAction\":[{\"@type\":\"ReadAction\",\"target\":[\"https:\\\/\\\/www.uniqueonyx.ch\\\/lentreprise\\\/\"]}]},{\"@type\":\"ImageObject\",\"inLanguage\":\"en-GB\",\"@id\":\"https:\\\/\\\/www.uniqueonyx.ch\\\/lentreprise\\\/#primaryimage\",\"url\":\"https:\\\/\\\/www.uniqueonyx.ch\\\/wp-content\\\/uploads\\\/showroom_24-1024x683.jpg\",\"contentUrl\":\"https:\\\/\\\/www.uniqueonyx.ch\\\/wp-content\\\/uploads\\\/showroom_24-1024x683.jpg\"},{\"@type\":\"BreadcrumbList\",\"@id\":\"https:\\\/\\\/www.uniqueonyx.ch\\\/lentreprise\\\/#breadcrumb\",\"itemListElement\":[{\"@type\":\"ListItem\",\"position\":1,\"name\":\"Accueil\",\"item\":\"https:\\\/\\\/www.uniqueonyx.ch\\\/\"},{\"@type\":\"ListItem\",\"position\":2,\"name\":\"L&rsquo;entreprise\"}]},{\"@type\":\"WebSite\",\"@id\":\"https:\\\/\\\/www.uniqueonyx.ch\\\/#website\",\"url\":\"https:\\\/\\\/www.uniqueonyx.ch\\\/\",\"name\":\"Unique Onyx\",\"description\":\"Marbrerie Haut-de-gamme\",\"publisher\":{\"@id\":\"https:\\\/\\\/www.uniqueonyx.ch\\\/#organization\"},\"potentialAction\":[{\"@type\":\"SearchAction\",\"target\":{\"@type\":\"EntryPoint\",\"urlTemplate\":\"https:\\\/\\\/www.uniqueonyx.ch\\\/?s={search_term_string}\"},\"query-input\":{\"@type\":\"PropertyValueSpecification\",\"valueRequired\":true,\"valueName\":\"search_term_string\"}}],\"inLanguage\":\"en-GB\"},{\"@type\":\"Organization\",\"@id\":\"https:\\\/\\\/www.uniqueonyx.ch\\\/#organization\",\"name\":\"Unique Onyx\",\"url\":\"https:\\\/\\\/www.uniqueonyx.ch\\\/\",\"logo\":{\"@type\":\"ImageObject\",\"inLanguage\":\"en-GB\",\"@id\":\"https:\\\/\\\/www.uniqueonyx.ch\\\/#\\\/schema\\\/logo\\\/image\\\/\",\"url\":\"https:\\\/\\\/www.uniqueonyx.ch\\\/wp-content\\\/uploads\\\/favicom.svg\",\"contentUrl\":\"https:\\\/\\\/www.uniqueonyx.ch\\\/wp-content\\\/uploads\\\/favicom.svg\",\"width\":512,\"height\":512,\"caption\":\"Unique Onyx\"},\"image\":{\"@id\":\"https:\\\/\\\/www.uniqueonyx.ch\\\/#\\\/schema\\\/logo\\\/image\\\/\"},\"sameAs\":[\"https:\\\/\\\/www.facebook.com\\\/Unique-Onyx-103509342107784\",\"https:\\\/\\\/www.instagram.com\\\/uniqueonyx_marbrerie\\\/?hl=fr\",\"https:\\\/\\\/ch.linkedin.com\\\/in\\\/david-gay-des-combes-5184a5198\"]}]}<\/script>\n<!-- \/ Yoast SEO plugin. -->","yoast_head_json":{"title":"L'entreprise - Unique Onyx","description":"Vert d\u2019Evol\u00e8ne, Vert des Glaciers, Pierre de Saxon, Verde Andeer, San Bernardino, Calcaire du Jura, Quartzite Patagonia, Mont-Blanc, Taj Mahal, Azul Macauba, Marbre de Carrare, Macchia Vecchia,...","robots":{"index":"index","follow":"follow","max-snippet":"max-snippet:-1","max-image-preview":"max-image-preview:large","max-video-preview":"max-video-preview:-1"},"canonical":"https:\/\/www.uniqueonyx.ch\/en\/lentreprise\/","og_locale":"en_GB","og_type":"article","og_title":"L'entreprise - Unique Onyx","og_description":"Vert d\u2019Evol\u00e8ne, Vert des Glaciers, Pierre de Saxon, Verde Andeer, San Bernardino, Calcaire du Jura, Quartzite Patagonia, Mont-Blanc, Taj Mahal, Azul Macauba, Marbre de Carrare, Macchia Vecchia,...","og_url":"https:\/\/www.uniqueonyx.ch\/en\/lentreprise\/","og_site_name":"Unique Onyx","article_publisher":"https:\/\/www.facebook.com\/Unique-Onyx-103509342107784","article_modified_time":"2025-11-24T08:45:25+00:00","og_image":[{"width":2560,"height":1707,"url":"https:\/\/www.uniqueonyx.ch\/wp-content\/uploads\/showroom_24-scaled.jpg","type":"image\/jpeg"}],"twitter_card":"summary_large_image","twitter_misc":{"Estimated reading time":"1 minute"},"schema":{"@context":"https:\/\/schema.org","@graph":[{"@type":"WebPage","@id":"https:\/\/www.uniqueonyx.ch\/lentreprise\/","url":"https:\/\/www.uniqueonyx.ch\/lentreprise\/","name":"L'entreprise - Unique Onyx","isPartOf":{"@id":"https:\/\/www.uniqueonyx.ch\/#website"},"primaryImageOfPage":{"@id":"https:\/\/www.uniqueonyx.ch\/lentreprise\/#primaryimage"},"image":{"@id":"https:\/\/www.uniqueonyx.ch\/lentreprise\/#primaryimage"},"thumbnailUrl":"https:\/\/www.uniqueonyx.ch\/wp-content\/uploads\/showroom_24-1024x683.jpg","datePublished":"2025-04-03T07:44:09+00:00","dateModified":"2025-11-24T08:45:25+00:00","description":"Vert d\u2019Evol\u00e8ne, Vert des Glaciers, Pierre de Saxon, Verde Andeer, San Bernardino, Calcaire du Jura, Quartzite Patagonia, Mont-Blanc, Taj Mahal, Azul Macauba, Marbre de Carrare, Macchia Vecchia,...","breadcrumb":{"@id":"https:\/\/www.uniqueonyx.ch\/lentreprise\/#breadcrumb"},"inLanguage":"en-GB","potentialAction":[{"@type":"ReadAction","target":["https:\/\/www.uniqueonyx.ch\/lentreprise\/"]}]},{"@type":"ImageObject","inLanguage":"en-GB","@id":"https:\/\/www.uniqueonyx.ch\/lentreprise\/#primaryimage","url":"https:\/\/www.uniqueonyx.ch\/wp-content\/uploads\/showroom_24-1024x683.jpg","contentUrl":"https:\/\/www.uniqueonyx.ch\/wp-content\/uploads\/showroom_24-1024x683.jpg"},{"@type":"BreadcrumbList","@id":"https:\/\/www.uniqueonyx.ch\/lentreprise\/#breadcrumb","itemListElement":[{"@type":"ListItem","position":1,"name":"Accueil","item":"https:\/\/www.uniqueonyx.ch\/"},{"@type":"ListItem","position":2,"name":"L&rsquo;entreprise"}]},{"@type":"WebSite","@id":"https:\/\/www.uniqueonyx.ch\/#website","url":"https:\/\/www.uniqueonyx.ch\/","name":"Unique Onyx","description":"Marbrerie Haut-de-gamme","publisher":{"@id":"https:\/\/www.uniqueonyx.ch\/#organization"},"potentialAction":[{"@type":"SearchAction","target":{"@type":"EntryPoint","urlTemplate":"https:\/\/www.uniqueonyx.ch\/?s={search_term_string}"},"query-input":{"@type":"PropertyValueSpecification","valueRequired":true,"valueName":"search_term_string"}}],"inLanguage":"en-GB"},{"@type":"Organization","@id":"https:\/\/www.uniqueonyx.ch\/#organization","name":"Unique Onyx","url":"https:\/\/www.uniqueonyx.ch\/","logo":{"@type":"ImageObject","inLanguage":"en-GB","@id":"https:\/\/www.uniqueonyx.ch\/#\/schema\/logo\/image\/","url":"https:\/\/www.uniqueonyx.ch\/wp-content\/uploads\/favicom.svg","contentUrl":"https:\/\/www.uniqueonyx.ch\/wp-content\/uploads\/favicom.svg","width":512,"height":512,"caption":"Unique Onyx"},"image":{"@id":"https:\/\/www.uniqueonyx.ch\/#\/schema\/logo\/image\/"},"sameAs":["https:\/\/www.facebook.com\/Unique-Onyx-103509342107784","https:\/\/www.instagram.com\/uniqueonyx_marbrerie\/?hl=fr","https:\/\/ch.linkedin.com\/in\/david-gay-des-combes-5184a5198"]}]}},"_links":{"self":[{"href":"https:\/\/www.uniqueonyx.ch\/en\/wp-json\/wp\/v2\/pages\/2359","targetHints":{"allow":["GET"]}}],"collection":[{"href":"https:\/\/www.uniqueonyx.ch\/en\/wp-json\/wp\/v2\/pages"}],"about":[{"href":"https:\/\/www.uniqueonyx.ch\/en\/wp-json\/wp\/v2\/types\/page"}],"author":[{"embeddable":true,"href":"https:\/\/www.uniqueonyx.ch\/en\/wp-json\/wp\/v2\/users\/1"}],"replies":[{"embeddable":true,"href":"https:\/\/www.uniqueonyx.ch\/en\/wp-json\/wp\/v2\/comments?post=2359"}],"version-history":[{"count":457,"href":"https:\/\/www.uniqueonyx.ch\/en\/wp-json\/wp\/v2\/pages\/2359\/revisions"}],"predecessor-version":[{"id":5264,"href":"https:\/\/www.uniqueonyx.ch\/en\/wp-json\/wp\/v2\/pages\/2359\/revisions\/5264"}],"wp:attachment":[{"href":"https:\/\/www.uniqueonyx.ch\/en\/wp-json\/wp\/v2\/media?parent=2359"}],"curies":[{"name":"wp","href":"https:\/\/api.w.org\/{rel}","templated":true}]}}