{"id":5151,"date":"2025-10-02T08:36:30","date_gmt":"2025-10-02T06:36:30","guid":{"rendered":"https:\/\/www.uniqueonyx.ch\/?page_id=5151"},"modified":"2025-10-02T08:59:42","modified_gmt":"2025-10-02T06:59:42","slug":"notre-showroom","status":"publish","type":"page","link":"https:\/\/www.uniqueonyx.ch\/de\/notre-showroom\/","title":{"rendered":"Notre showroom"},"content":{"rendered":"<div data-elementor-type=\"wp-page\" data-elementor-id=\"5151\" class=\"elementor elementor-5151\" data-elementor-post-type=\"page\">\n\t\t\t\t\t\t<section class=\"elementor-section elementor-top-section elementor-element elementor-element-7edcc0a elementor-section-full_width elementor-section-height-default elementor-section-height-default\" data-id=\"7edcc0a\" data-element_type=\"section\" data-e-type=\"section\">\n\t\t\t\t\t\t<div class=\"elementor-container elementor-column-gap-default\">\n\t\t\t\t\t<div class=\"elementor-column elementor-col-100 elementor-top-column elementor-element elementor-element-c97e34d\" data-id=\"c97e34d\" data-element_type=\"column\" data-e-type=\"column\" data-settings=\"{&quot;background_background&quot;:&quot;classic&quot;}\">\n\t\t\t<div class=\"elementor-widget-wrap elementor-element-populated\">\n\t\t\t\t\t\t<div class=\"elementor-element elementor-element-d5d566c elementor-widget elementor-widget-heading\" data-id=\"d5d566c\" data-element_type=\"widget\" data-e-type=\"widget\" data-widget_type=\"heading.default\">\n\t\t\t\t<div class=\"elementor-widget-container\">\n\t\t\t\t\t<h1 class=\"elementor-heading-title elementor-size-default\">Notre showroom<\/h1>\t\t\t\t<\/div>\n\t\t\t\t<\/div>\n\t\t\t\t<div class=\"elementor-element elementor-element-9692691 elementor-widget-divider--view-line elementor-widget elementor-widget-divider\" data-id=\"9692691\" data-element_type=\"widget\" data-e-type=\"widget\" data-widget_type=\"divider.default\">\n\t\t\t\t<div class=\"elementor-widget-container\">\n\t\t\t\t\t\t\t<div class=\"elementor-divider\">\n\t\t\t<span class=\"elementor-divider-separator\">\n\t\t\t\t\t\t<\/span>\n\t\t<\/div>\n\t\t\t\t\t\t<\/div>\n\t\t\t\t<\/div>\n\t\t\t\t\t<\/div>\n\t\t<\/div>\n\t\t\t\t\t<\/div>\n\t\t<\/section>\n\t\t\t\t<section class=\"elementor-section elementor-top-section elementor-element elementor-element-7c379e9 elementor-section-full_width elementor-section-height-default elementor-section-height-default\" data-id=\"7c379e9\" data-element_type=\"section\" data-e-type=\"section\">\n\t\t\t\t\t\t<div class=\"elementor-container elementor-column-gap-default\">\n\t\t\t\t\t<div class=\"elementor-column elementor-col-100 elementor-top-column elementor-element elementor-element-b350a7a\" data-id=\"b350a7a\" data-element_type=\"column\" data-e-type=\"column\" data-settings=\"{&quot;background_background&quot;:&quot;classic&quot;}\">\n\t\t\t<div class=\"elementor-widget-wrap elementor-element-populated\">\n\t\t\t\t\t\t<div class=\"elementor-element elementor-element-cf93640 elementor-widget elementor-widget-text-editor\" data-id=\"cf93640\" data-element_type=\"widget\" data-e-type=\"widget\" data-settings=\"{&quot;_animation&quot;:&quot;none&quot;}\" data-widget_type=\"text-editor.default\">\n\t\t\t\t<div class=\"elementor-widget-container\">\n\t\t\t\t\t\t\t\t\t<p>Aux portes de la vall\u00e9e du Trient, \u00e0 la sortie de Martigny, un Showroom pens\u00e9 pour les professionnels de l\u2019architecture et du design.<\/p><p>Venez explorer les plus beaux marbres, onyx, travertins, quartzites, granits et pierres semi-pr\u00e9cieuses, soigneusement s\u00e9lectionn\u00e9es en Suisse et aux quatre coins du monde.<\/p><p>Un acc\u00e8s sur rendez-vous a\u0300 une mat\u00e9riauth\u00e8que qui vous permet de venir choisir la pierre parfaite pour votre projet, afin que chaque d\u00e9tail soit en accord avec votre vision.<\/p>\t\t\t\t\t\t\t\t<\/div>\n\t\t\t\t<\/div>\n\t\t\t\t<div class=\"elementor-element elementor-element-296b6a0 elementor-widget elementor-widget-image\" data-id=\"296b6a0\" data-element_type=\"widget\" data-e-type=\"widget\" data-widget_type=\"image.default\">\n\t\t\t\t<div class=\"elementor-widget-container\">\n\t\t\t\t\t\t\t\t\t\t\t\t\t\t\t<img fetchpriority=\"high\" decoding=\"async\" width=\"800\" height=\"534\" src=\"https:\/\/www.uniqueonyx.ch\/wp-content\/uploads\/showroom_01-1024x683.jpg\" class=\"attachment-large size-large wp-image-5137\" alt=\"\" srcset=\"https:\/\/www.uniqueonyx.ch\/wp-content\/uploads\/showroom_01-1024x683.jpg 1024w, https:\/\/www.uniqueonyx.ch\/wp-content\/uploads\/showroom_01-300x200.jpg 300w, https:\/\/www.uniqueonyx.ch\/wp-content\/uploads\/showroom_01-768x512.jpg 768w, https:\/\/www.uniqueonyx.ch\/wp-content\/uploads\/showroom_01-1536x1024.jpg 1536w, https:\/\/www.uniqueonyx.ch\/wp-content\/uploads\/showroom_01-18x12.jpg 18w, https:\/\/www.uniqueonyx.ch\/wp-content\/uploads\/showroom_01.jpg 1890w\" sizes=\"(max-width: 800px) 100vw, 800px\" \/>\t\t\t\t\t\t\t\t\t\t\t\t\t\t\t<\/div>\n\t\t\t\t<\/div>\n\t\t\t\t\t<\/div>\n\t\t<\/div>\n\t\t\t\t\t<\/div>\n\t\t<\/section>\n\t\t\t\t<\/div>","protected":false},"excerpt":{"rendered":"<p>Notre showroom Aux portes de la vall\u00e9e du Trient, \u00e0 la sortie de Martigny, un Showroom pens\u00e9 pour les professionnels de l\u2019architecture et du design. Venez explorer les plus beaux marbres, onyx, travertins, quartzites, granits et pierres semi-pr\u00e9cieuses, soigneusement s\u00e9lectionn\u00e9es en Suisse et aux quatre coins du monde. Un acc\u00e8s sur rendez-vous a\u0300 une mat\u00e9riauth\u00e8que [&hellip;]<\/p>\n","protected":false},"author":1,"featured_media":0,"parent":0,"menu_order":0,"comment_status":"closed","ping_status":"closed","template":"","meta":{"footnotes":""},"class_list":["post-5151","page","type-page","status-publish","hentry"],"yoast_head":"<!-- This site is optimized with the Yoast SEO plugin v27.5 - https:\/\/yoast.com\/product\/yoast-seo-wordpress\/ -->\n<title>Notre showroom - Unique Onyx<\/title>\n<meta name=\"description\" content=\"Vert d\u2019Evol\u00e8ne, Vert des Glaciers, Pierre de Saxon, Verde Andeer, San Bernardino, Calcaire du Jura, Quartzite Patagonia, Mont-Blanc, Taj Mahal, Azul Macauba, Marbre de Carrare, Macchia Vecchia,...\" \/>\n<meta name=\"robots\" content=\"index, follow, max-snippet:-1, max-image-preview:large, max-video-preview:-1\" \/>\n<link rel=\"canonical\" href=\"https:\/\/www.uniqueonyx.ch\/de\/notre-showroom\/\" \/>\n<meta property=\"og:locale\" content=\"de_DE\" \/>\n<meta property=\"og:type\" content=\"article\" \/>\n<meta property=\"og:title\" content=\"Notre showroom - Unique Onyx\" \/>\n<meta property=\"og:description\" content=\"Vert d\u2019Evol\u00e8ne, Vert des Glaciers, Pierre de Saxon, Verde Andeer, San Bernardino, Calcaire du Jura, Quartzite Patagonia, Mont-Blanc, Taj Mahal, Azul Macauba, Marbre de Carrare, Macchia Vecchia,...\" \/>\n<meta property=\"og:url\" content=\"https:\/\/www.uniqueonyx.ch\/de\/notre-showroom\/\" \/>\n<meta property=\"og:site_name\" content=\"Unique Onyx\" \/>\n<meta property=\"article:publisher\" content=\"https:\/\/www.facebook.com\/Unique-Onyx-103509342107784\" \/>\n<meta property=\"article:modified_time\" content=\"2025-10-02T06:59:42+00:00\" \/>\n<meta property=\"og:image\" content=\"https:\/\/www.uniqueonyx.ch\/wp-content\/uploads\/showroom_01.jpg\" \/>\n\t<meta property=\"og:image:width\" content=\"1890\" \/>\n\t<meta property=\"og:image:height\" content=\"1260\" \/>\n\t<meta property=\"og:image:type\" content=\"image\/jpeg\" \/>\n<meta name=\"twitter:card\" content=\"summary_large_image\" \/>\n<meta name=\"twitter:label1\" content=\"Gesch\u00e4tzte Lesezeit\" \/>\n\t<meta name=\"twitter:data1\" content=\"1\u00a0Minute\" \/>\n<script type=\"application\/ld+json\" class=\"yoast-schema-graph\">{\"@context\":\"https:\\\/\\\/schema.org\",\"@graph\":[{\"@type\":\"WebPage\",\"@id\":\"https:\\\/\\\/www.uniqueonyx.ch\\\/notre-showroom\\\/\",\"url\":\"https:\\\/\\\/www.uniqueonyx.ch\\\/notre-showroom\\\/\",\"name\":\"Notre showroom - Unique Onyx\",\"isPartOf\":{\"@id\":\"https:\\\/\\\/www.uniqueonyx.ch\\\/#website\"},\"primaryImageOfPage\":{\"@id\":\"https:\\\/\\\/www.uniqueonyx.ch\\\/notre-showroom\\\/#primaryimage\"},\"image\":{\"@id\":\"https:\\\/\\\/www.uniqueonyx.ch\\\/notre-showroom\\\/#primaryimage\"},\"thumbnailUrl\":\"https:\\\/\\\/www.uniqueonyx.ch\\\/wp-content\\\/uploads\\\/showroom_01-1024x683.jpg\",\"datePublished\":\"2025-10-02T06:36:30+00:00\",\"dateModified\":\"2025-10-02T06:59:42+00:00\",\"description\":\"Vert d\u2019Evol\u00e8ne, Vert des Glaciers, Pierre de Saxon, Verde Andeer, San Bernardino, Calcaire du Jura, Quartzite Patagonia, Mont-Blanc, Taj Mahal, Azul Macauba, Marbre de Carrare, Macchia Vecchia,...\",\"breadcrumb\":{\"@id\":\"https:\\\/\\\/www.uniqueonyx.ch\\\/notre-showroom\\\/#breadcrumb\"},\"inLanguage\":\"de-CH\",\"potentialAction\":[{\"@type\":\"ReadAction\",\"target\":[\"https:\\\/\\\/www.uniqueonyx.ch\\\/notre-showroom\\\/\"]}]},{\"@type\":\"ImageObject\",\"inLanguage\":\"de-CH\",\"@id\":\"https:\\\/\\\/www.uniqueonyx.ch\\\/notre-showroom\\\/#primaryimage\",\"url\":\"https:\\\/\\\/www.uniqueonyx.ch\\\/wp-content\\\/uploads\\\/showroom_01-1024x683.jpg\",\"contentUrl\":\"https:\\\/\\\/www.uniqueonyx.ch\\\/wp-content\\\/uploads\\\/showroom_01-1024x683.jpg\"},{\"@type\":\"BreadcrumbList\",\"@id\":\"https:\\\/\\\/www.uniqueonyx.ch\\\/notre-showroom\\\/#breadcrumb\",\"itemListElement\":[{\"@type\":\"ListItem\",\"position\":1,\"name\":\"Accueil\",\"item\":\"https:\\\/\\\/www.uniqueonyx.ch\\\/\"},{\"@type\":\"ListItem\",\"position\":2,\"name\":\"Notre showroom\"}]},{\"@type\":\"WebSite\",\"@id\":\"https:\\\/\\\/www.uniqueonyx.ch\\\/#website\",\"url\":\"https:\\\/\\\/www.uniqueonyx.ch\\\/\",\"name\":\"Unique Onyx\",\"description\":\"Marbrerie Haut-de-gamme\",\"publisher\":{\"@id\":\"https:\\\/\\\/www.uniqueonyx.ch\\\/#organization\"},\"potentialAction\":[{\"@type\":\"SearchAction\",\"target\":{\"@type\":\"EntryPoint\",\"urlTemplate\":\"https:\\\/\\\/www.uniqueonyx.ch\\\/?s={search_term_string}\"},\"query-input\":{\"@type\":\"PropertyValueSpecification\",\"valueRequired\":true,\"valueName\":\"search_term_string\"}}],\"inLanguage\":\"de-CH\"},{\"@type\":\"Organization\",\"@id\":\"https:\\\/\\\/www.uniqueonyx.ch\\\/#organization\",\"name\":\"Unique Onyx\",\"url\":\"https:\\\/\\\/www.uniqueonyx.ch\\\/\",\"logo\":{\"@type\":\"ImageObject\",\"inLanguage\":\"de-CH\",\"@id\":\"https:\\\/\\\/www.uniqueonyx.ch\\\/#\\\/schema\\\/logo\\\/image\\\/\",\"url\":\"https:\\\/\\\/www.uniqueonyx.ch\\\/wp-content\\\/uploads\\\/favicom.svg\",\"contentUrl\":\"https:\\\/\\\/www.uniqueonyx.ch\\\/wp-content\\\/uploads\\\/favicom.svg\",\"width\":512,\"height\":512,\"caption\":\"Unique Onyx\"},\"image\":{\"@id\":\"https:\\\/\\\/www.uniqueonyx.ch\\\/#\\\/schema\\\/logo\\\/image\\\/\"},\"sameAs\":[\"https:\\\/\\\/www.facebook.com\\\/Unique-Onyx-103509342107784\",\"https:\\\/\\\/www.instagram.com\\\/uniqueonyx_marbrerie\\\/?hl=fr\",\"https:\\\/\\\/ch.linkedin.com\\\/in\\\/david-gay-des-combes-5184a5198\"]}]}<\/script>\n<!-- \/ Yoast SEO plugin. -->","yoast_head_json":{"title":"Notre showroom - Unique Onyx","description":"Vert d\u2019Evol\u00e8ne, Vert des Glaciers, Pierre de Saxon, Verde Andeer, San Bernardino, Calcaire du Jura, Quartzite Patagonia, Mont-Blanc, Taj Mahal, Azul Macauba, Marbre de Carrare, Macchia Vecchia,...","robots":{"index":"index","follow":"follow","max-snippet":"max-snippet:-1","max-image-preview":"max-image-preview:large","max-video-preview":"max-video-preview:-1"},"canonical":"https:\/\/www.uniqueonyx.ch\/de\/notre-showroom\/","og_locale":"de_DE","og_type":"article","og_title":"Notre showroom - Unique Onyx","og_description":"Vert d\u2019Evol\u00e8ne, Vert des Glaciers, Pierre de Saxon, Verde Andeer, San Bernardino, Calcaire du Jura, Quartzite Patagonia, Mont-Blanc, Taj Mahal, Azul Macauba, Marbre de Carrare, Macchia Vecchia,...","og_url":"https:\/\/www.uniqueonyx.ch\/de\/notre-showroom\/","og_site_name":"Unique Onyx","article_publisher":"https:\/\/www.facebook.com\/Unique-Onyx-103509342107784","article_modified_time":"2025-10-02T06:59:42+00:00","og_image":[{"width":1890,"height":1260,"url":"https:\/\/www.uniqueonyx.ch\/wp-content\/uploads\/showroom_01.jpg","type":"image\/jpeg"}],"twitter_card":"summary_large_image","twitter_misc":{"Gesch\u00e4tzte Lesezeit":"1\u00a0Minute"},"schema":{"@context":"https:\/\/schema.org","@graph":[{"@type":"WebPage","@id":"https:\/\/www.uniqueonyx.ch\/notre-showroom\/","url":"https:\/\/www.uniqueonyx.ch\/notre-showroom\/","name":"Notre showroom - Unique Onyx","isPartOf":{"@id":"https:\/\/www.uniqueonyx.ch\/#website"},"primaryImageOfPage":{"@id":"https:\/\/www.uniqueonyx.ch\/notre-showroom\/#primaryimage"},"image":{"@id":"https:\/\/www.uniqueonyx.ch\/notre-showroom\/#primaryimage"},"thumbnailUrl":"https:\/\/www.uniqueonyx.ch\/wp-content\/uploads\/showroom_01-1024x683.jpg","datePublished":"2025-10-02T06:36:30+00:00","dateModified":"2025-10-02T06:59:42+00:00","description":"Vert d\u2019Evol\u00e8ne, Vert des Glaciers, Pierre de Saxon, Verde Andeer, San Bernardino, Calcaire du Jura, Quartzite Patagonia, Mont-Blanc, Taj Mahal, Azul Macauba, Marbre de Carrare, Macchia Vecchia,...","breadcrumb":{"@id":"https:\/\/www.uniqueonyx.ch\/notre-showroom\/#breadcrumb"},"inLanguage":"de-CH","potentialAction":[{"@type":"ReadAction","target":["https:\/\/www.uniqueonyx.ch\/notre-showroom\/"]}]},{"@type":"ImageObject","inLanguage":"de-CH","@id":"https:\/\/www.uniqueonyx.ch\/notre-showroom\/#primaryimage","url":"https:\/\/www.uniqueonyx.ch\/wp-content\/uploads\/showroom_01-1024x683.jpg","contentUrl":"https:\/\/www.uniqueonyx.ch\/wp-content\/uploads\/showroom_01-1024x683.jpg"},{"@type":"BreadcrumbList","@id":"https:\/\/www.uniqueonyx.ch\/notre-showroom\/#breadcrumb","itemListElement":[{"@type":"ListItem","position":1,"name":"Accueil","item":"https:\/\/www.uniqueonyx.ch\/"},{"@type":"ListItem","position":2,"name":"Notre showroom"}]},{"@type":"WebSite","@id":"https:\/\/www.uniqueonyx.ch\/#website","url":"https:\/\/www.uniqueonyx.ch\/","name":"Unique Onyx","description":"Marbrerie Haut-de-gamme","publisher":{"@id":"https:\/\/www.uniqueonyx.ch\/#organization"},"potentialAction":[{"@type":"SearchAction","target":{"@type":"EntryPoint","urlTemplate":"https:\/\/www.uniqueonyx.ch\/?s={search_term_string}"},"query-input":{"@type":"PropertyValueSpecification","valueRequired":true,"valueName":"search_term_string"}}],"inLanguage":"de-CH"},{"@type":"Organization","@id":"https:\/\/www.uniqueonyx.ch\/#organization","name":"Unique Onyx","url":"https:\/\/www.uniqueonyx.ch\/","logo":{"@type":"ImageObject","inLanguage":"de-CH","@id":"https:\/\/www.uniqueonyx.ch\/#\/schema\/logo\/image\/","url":"https:\/\/www.uniqueonyx.ch\/wp-content\/uploads\/favicom.svg","contentUrl":"https:\/\/www.uniqueonyx.ch\/wp-content\/uploads\/favicom.svg","width":512,"height":512,"caption":"Unique Onyx"},"image":{"@id":"https:\/\/www.uniqueonyx.ch\/#\/schema\/logo\/image\/"},"sameAs":["https:\/\/www.facebook.com\/Unique-Onyx-103509342107784","https:\/\/www.instagram.com\/uniqueonyx_marbrerie\/?hl=fr","https:\/\/ch.linkedin.com\/in\/david-gay-des-combes-5184a5198"]}]}},"_links":{"self":[{"href":"https:\/\/www.uniqueonyx.ch\/de\/wp-json\/wp\/v2\/pages\/5151","targetHints":{"allow":["GET"]}}],"collection":[{"href":"https:\/\/www.uniqueonyx.ch\/de\/wp-json\/wp\/v2\/pages"}],"about":[{"href":"https:\/\/www.uniqueonyx.ch\/de\/wp-json\/wp\/v2\/types\/page"}],"author":[{"embeddable":true,"href":"https:\/\/www.uniqueonyx.ch\/de\/wp-json\/wp\/v2\/users\/1"}],"replies":[{"embeddable":true,"href":"https:\/\/www.uniqueonyx.ch\/de\/wp-json\/wp\/v2\/comments?post=5151"}],"version-history":[{"count":25,"href":"https:\/\/www.uniqueonyx.ch\/de\/wp-json\/wp\/v2\/pages\/5151\/revisions"}],"predecessor-version":[{"id":5194,"href":"https:\/\/www.uniqueonyx.ch\/de\/wp-json\/wp\/v2\/pages\/5151\/revisions\/5194"}],"wp:attachment":[{"href":"https:\/\/www.uniqueonyx.ch\/de\/wp-json\/wp\/v2\/media?parent=5151"}],"curies":[{"name":"wp","href":"https:\/\/api.w.org\/{rel}","templated":true}]}}